{"id":1699,"date":"2021-03-05T22:47:39","date_gmt":"2021-03-05T18:47:39","guid":{"rendered":"https:\/\/amphibex.smgrsdev.ca\/videos\/"},"modified":"2024-10-28T16:00:48","modified_gmt":"2024-10-28T20:00:48","slug":"videos","status":"publish","type":"page","link":"https:\/\/amphibex.com\/es\/videos\/","title":{"rendered":"V\u00cdDEOS"},"content":{"rendered":"<p><div id=\"disc\" class=\"fusion-container-anchor\"><div class=\"fusion-fullwidth fullwidth-box fusion-builder-row-1 fusion-flex-container nonhundred-percent-fullwidth non-hundred-percent-height-scrolling fusion-no-small-visibility fusion-no-medium-visibility\" style=\"--awb-border-radius-top-left:0px;--awb-border-radius-top-right:0px;--awb-border-radius-bottom-right:0px;--awb-border-radius-bottom-left:0px;--awb-padding-top:25px;--awb-padding-bottom:25px;--awb-background-image:linear-gradient(180deg, #dddddd 0%,rgba(255,255,255,0) 100%);--awb-flex-wrap:wrap;\" ><div class=\"fusion-builder-row fusion-row fusion-flex-align-items-flex-start fusion-flex-content-wrap\" style=\"max-width:1872px;margin-left: calc(-4% \/ 2 );margin-right: calc(-4% \/ 2 );\"><div class=\"fusion-layout-column fusion_builder_column fusion-builder-column-0 fusion_builder_column_1_6 1_6 fusion-flex-column\" style=\"--awb-bg-size:cover;--awb-width-large:16.666666666667%;--awb-margin-top-large:0px;--awb-spacing-right-large:11.52%;--awb-margin-bottom-large:0px;--awb-spacing-left-large:11.52%;--awb-width-medium:16.666666666667%;--awb-order-medium:0;--awb-spacing-right-medium:11.52%;--awb-spacing-left-medium:11.52%;--awb-width-small:100%;--awb-order-small:0;--awb-spacing-right-small:1.92%;--awb-spacing-left-small:1.92%;\"><div class=\"fusion-column-wrapper fusion-column-has-shadow fusion-flex-justify-content-flex-start fusion-content-layout-column\"><\/div><\/div><div class=\"fusion-layout-column fusion_builder_column fusion-builder-column-1 fusion_builder_column_2_3 2_3 fusion-flex-column\" style=\"--awb-bg-size:cover;--awb-width-large:66.666666666667%;--awb-margin-top-large:0px;--awb-spacing-right-large:2.88%;--awb-margin-bottom-large:0px;--awb-spacing-left-large:2.88%;--awb-width-medium:66.666666666667%;--awb-order-medium:0;--awb-spacing-right-medium:2.88%;--awb-spacing-left-medium:2.88%;--awb-width-small:100%;--awb-order-small:0;--awb-spacing-right-small:1.92%;--awb-spacing-left-small:1.92%;\"><div class=\"fusion-column-wrapper fusion-column-has-shadow fusion-flex-justify-content-flex-start fusion-content-layout-column\"><div class=\"fusion-title title fusion-title-1 fusion-sep-none fusion-title-center fusion-title-text fusion-title-size-one\"><h1 class=\"fusion-title-heading title-heading-center fusion-responsive-typography-calculated\" style=\"margin:0;--fontSize:36;line-height:1.16;\"><h1 style=\"text-align: center;\">\u00a1VEA EL ANFIBEX EN ACCI\u00d3N!<\/h1><\/h1><\/div><div class=\"fusion-text fusion-text-1\" style=\"--awb-font-size:72px;--awb-line-height:1.2;--awb-letter-spacing:-3px;--awb-text-color:#000000;--awb-text-font-family:&quot;Bai Jamjuree&quot;;--awb-text-font-style:normal;--awb-text-font-weight:700;\"><p style=\"text-align: center;\">AMPHIBEX &#8211; V\u00cdDEOS<\/p>\n<\/div><\/div><\/div><div class=\"fusion-layout-column fusion_builder_column fusion-builder-column-2 fusion_builder_column_1_6 1_6 fusion-flex-column\" style=\"--awb-bg-size:cover;--awb-width-large:16.666666666667%;--awb-margin-top-large:0px;--awb-spacing-right-large:11.52%;--awb-margin-bottom-large:0px;--awb-spacing-left-large:11.52%;--awb-width-medium:16.666666666667%;--awb-order-medium:0;--awb-spacing-right-medium:11.52%;--awb-spacing-left-medium:11.52%;--awb-width-small:100%;--awb-order-small:0;--awb-spacing-right-small:1.92%;--awb-spacing-left-small:1.92%;\"><div class=\"fusion-column-wrapper fusion-column-has-shadow fusion-flex-justify-content-flex-start fusion-content-layout-column\"><\/div><\/div><\/div><\/div><\/div><div id=\"disc\" class=\"fusion-container-anchor\"><div class=\"fusion-fullwidth fullwidth-box fusion-builder-row-2 fusion-flex-container nonhundred-percent-fullwidth non-hundred-percent-height-scrolling fusion-no-large-visibility\" style=\"--awb-border-radius-top-left:0px;--awb-border-radius-top-right:0px;--awb-border-radius-bottom-right:0px;--awb-border-radius-bottom-left:0px;--awb-padding-top:25px;--awb-padding-bottom:25px;--awb-background-image:linear-gradient(180deg, #dddddd 0%,rgba(255,255,255,0) 100%);--awb-flex-wrap:wrap;\" ><div class=\"fusion-builder-row fusion-row fusion-flex-align-items-flex-start fusion-flex-content-wrap\" style=\"max-width:1872px;margin-left: calc(-4% \/ 2 );margin-right: calc(-4% \/ 2 );\"><div class=\"fusion-layout-column fusion_builder_column fusion-builder-column-3 fusion_builder_column_1_6 1_6 fusion-flex-column\" style=\"--awb-bg-size:cover;--awb-width-large:16.666666666667%;--awb-margin-top-large:0px;--awb-spacing-right-large:11.52%;--awb-margin-bottom-large:0px;--awb-spacing-left-large:11.52%;--awb-width-medium:16.666666666667%;--awb-order-medium:0;--awb-spacing-right-medium:11.52%;--awb-spacing-left-medium:11.52%;--awb-width-small:100%;--awb-order-small:0;--awb-spacing-right-small:1.92%;--awb-spacing-left-small:1.92%;\"><div class=\"fusion-column-wrapper fusion-column-has-shadow fusion-flex-justify-content-flex-start fusion-content-layout-column\"><\/div><\/div><div class=\"fusion-layout-column fusion_builder_column fusion-builder-column-4 fusion_builder_column_2_3 2_3 fusion-flex-column\" style=\"--awb-bg-size:cover;--awb-width-large:66.666666666667%;--awb-margin-top-large:0px;--awb-spacing-right-large:2.88%;--awb-margin-bottom-large:0px;--awb-spacing-left-large:2.88%;--awb-width-medium:66.666666666667%;--awb-order-medium:0;--awb-spacing-right-medium:2.88%;--awb-spacing-left-medium:2.88%;--awb-width-small:100%;--awb-order-small:0;--awb-spacing-right-small:1.92%;--awb-spacing-left-small:1.92%;\"><div class=\"fusion-column-wrapper fusion-column-has-shadow fusion-flex-justify-content-flex-start fusion-content-layout-column\"><div class=\"fusion-title title fusion-title-2 fusion-sep-none fusion-title-center fusion-title-text fusion-title-size-one\"><h1 class=\"fusion-title-heading title-heading-center fusion-responsive-typography-calculated\" style=\"margin:0;--fontSize:36;line-height:1.16;\"><h1 style=\"text-align: center;\">\u00a1VEA EL ANFIBEX EN ACCI\u00d3N!<\/h1><\/h1><\/div><div class=\"fusion-text fusion-text-2\" style=\"--awb-font-size:48px;--awb-line-height:1.2;--awb-letter-spacing:-3px;--awb-text-color:#000000;--awb-text-font-family:&quot;Bai Jamjuree&quot;;--awb-text-font-style:normal;--awb-text-font-weight:700;\"><p style=\"text-align: center;\">AMPHIBEX &#8211; V\u00cdDEOS<\/p>\n<\/div><\/div><\/div><div class=\"fusion-layout-column fusion_builder_column fusion-builder-column-5 fusion_builder_column_1_6 1_6 fusion-flex-column\" style=\"--awb-bg-size:cover;--awb-width-large:16.666666666667%;--awb-margin-top-large:0px;--awb-spacing-right-large:11.52%;--awb-margin-bottom-large:0px;--awb-spacing-left-large:11.52%;--awb-width-medium:16.666666666667%;--awb-order-medium:0;--awb-spacing-right-medium:11.52%;--awb-spacing-left-medium:11.52%;--awb-width-small:100%;--awb-order-small:0;--awb-spacing-right-small:1.92%;--awb-spacing-left-small:1.92%;\"><div class=\"fusion-column-wrapper fusion-column-has-shadow fusion-flex-justify-content-flex-start fusion-content-layout-column\"><\/div><\/div><\/div><\/div><\/div><div id=\"disc\" class=\"fusion-container-anchor\"><div class=\"fusion-fullwidth fullwidth-box fusion-builder-row-3 fusion-flex-container nonhundred-percent-fullwidth non-hundred-percent-height-scrolling\" style=\"--awb-border-radius-top-left:0px;--awb-border-radius-top-right:0px;--awb-border-radius-bottom-right:0px;--awb-border-radius-bottom-left:0px;--awb-padding-top:50px;--awb-padding-bottom:50px;--awb-background-image:linear-gradient(180deg, #dddddd 0%,rgba(255,255,255,0) 100%);--awb-flex-wrap:wrap;\" ><div class=\"fusion-builder-row fusion-row fusion-flex-align-items-flex-start fusion-flex-content-wrap\" style=\"max-width:1872px;margin-left: calc(-4% \/ 2 );margin-right: calc(-4% \/ 2 );\"><div class=\"fusion-layout-column fusion_builder_column fusion-builder-column-6 fusion_builder_column_1_6 1_6 fusion-flex-column\" style=\"--awb-bg-size:cover;--awb-width-large:16.666666666667%;--awb-margin-top-large:0px;--awb-spacing-right-large:11.52%;--awb-margin-bottom-large:0px;--awb-spacing-left-large:11.52%;--awb-width-medium:16.666666666667%;--awb-order-medium:0;--awb-spacing-right-medium:11.52%;--awb-spacing-left-medium:11.52%;--awb-width-small:100%;--awb-order-small:0;--awb-spacing-right-small:1.92%;--awb-spacing-left-small:1.92%;\"><div class=\"fusion-column-wrapper fusion-column-has-shadow fusion-flex-justify-content-flex-start fusion-content-layout-column\"><\/div><\/div><div class=\"fusion-layout-column fusion_builder_column fusion-builder-column-7 fusion_builder_column_2_3 2_3 fusion-flex-column\" style=\"--awb-bg-size:cover;--awb-width-large:66.666666666667%;--awb-margin-top-large:0px;--awb-spacing-right-large:2.88%;--awb-margin-bottom-large:0px;--awb-spacing-left-large:2.88%;--awb-width-medium:66.666666666667%;--awb-order-medium:0;--awb-spacing-right-medium:2.88%;--awb-spacing-left-medium:2.88%;--awb-width-small:100%;--awb-order-small:0;--awb-spacing-right-small:1.92%;--awb-spacing-left-small:1.92%;\"><div class=\"fusion-column-wrapper fusion-column-has-shadow fusion-flex-justify-content-flex-start fusion-content-layout-column\"><div class=\"fusion-video fusion-youtube\" style=\"--awb-max-width:600px;--awb-max-height:360px;--awb-align-self:center;--awb-width:100%;\"><div class=\"video-shortcode\"><lite-youtube videoid=\"zxN2JgiHmf8\" class=\"landscape\" params=\"wmode=transparent&autoplay=1&enablejsapi=1\" title=\"YouTube video player 1\" width=\"600\" height=\"360\" data-thumbnail-size=\"auto\"><\/lite-youtube><\/div><\/div><div class=\"fusion-separator fusion-full-width-sep\" style=\"align-self: center;margin-left: auto;margin-right: auto;margin-top:25px;width:100%;\"><\/div><div class=\"fusion-video fusion-youtube\" style=\"--awb-max-width:600px;--awb-max-height:360px;--awb-align-self:center;--awb-width:100%;\"><div class=\"video-shortcode\"><lite-youtube videoid=\"QjYfktl4CI4\" class=\"landscape\" params=\"wmode=transparent&autoplay=1&enablejsapi=1\" title=\"YouTube video player 2\" width=\"600\" height=\"360\" data-thumbnail-size=\"auto\"><\/lite-youtube><\/div><\/div><div class=\"fusion-separator fusion-full-width-sep\" style=\"align-self: center;margin-left: auto;margin-right: auto;margin-top:25px;width:100%;\"><\/div><div class=\"fusion-video fusion-youtube\" style=\"--awb-max-width:600px;--awb-max-height:360px;--awb-align-self:center;--awb-width:100%;\"><div class=\"video-shortcode\"><lite-youtube videoid=\"_x02sZxr83w\" class=\"landscape\" params=\"wmode=transparent&autoplay=1&enablejsapi=1\" title=\"YouTube video player 3\" width=\"600\" height=\"360\" data-thumbnail-size=\"auto\"><\/lite-youtube><\/div><\/div><\/div><\/div><div class=\"fusion-layout-column fusion_builder_column fusion-builder-column-8 fusion_builder_column_1_6 1_6 fusion-flex-column\" style=\"--awb-bg-size:cover;--awb-width-large:16.666666666667%;--awb-margin-top-large:0px;--awb-spacing-right-large:11.52%;--awb-margin-bottom-large:0px;--awb-spacing-left-large:11.52%;--awb-width-medium:16.666666666667%;--awb-order-medium:0;--awb-spacing-right-medium:11.52%;--awb-spacing-left-medium:11.52%;--awb-width-small:100%;--awb-order-small:0;--awb-spacing-right-small:1.92%;--awb-spacing-left-small:1.92%;\"><div class=\"fusion-column-wrapper fusion-column-has-shadow fusion-flex-justify-content-flex-start fusion-content-layout-column\"><\/div><\/div><\/div><\/div><\/div><\/p>\n","protected":false},"excerpt":{"rendered":"","protected":false},"author":1,"featured_media":2641,"parent":0,"menu_order":9,"comment_status":"closed","ping_status":"closed","template":"100-width.php","meta":{"content-type":"","footnotes":""},"class_list":["post-1699","page","type-page","status-publish","has-post-thumbnail","hentry"],"yoast_head":"<!-- This site is optimized with the Yoast SEO plugin v23.3 - https:\/\/yoast.com\/wordpress\/plugins\/seo\/ -->\n<title>V\u00cdDEOS | AMPHIBEX | Dragas anfibias | 1 800-830-9080<\/title>\n<meta name=\"description\" content=\"AMPHIBEX | La gama de dragas anfibias m\u00e1s vers\u00e1til y completa del mundo | Conozca los modelos de Amphibex aqu\u00ed\u2026\" \/>\n<meta name=\"robots\" content=\"index, follow, max-snippet:-1, max-image-preview:large, max-video-preview:-1\" \/>\n<link rel=\"canonical\" href=\"https:\/\/amphibex.com\/es\/videos\/\" \/>\n<meta property=\"og:locale\" content=\"es_ES\" \/>\n<meta property=\"og:type\" content=\"article\" \/>\n<meta property=\"og:title\" content=\"V\u00cdDEOS | AMPHIBEX | Dragas anfibias | 1 800-830-9080\" \/>\n<meta property=\"og:description\" content=\"AMPHIBEX | La gama de dragas anfibias m\u00e1s vers\u00e1til y completa del mundo | Conozca los modelos de Amphibex aqu\u00ed\u2026\" \/>\n<meta property=\"og:url\" content=\"https:\/\/amphibex.com\/es\/videos\/\" \/>\n<meta property=\"og:site_name\" content=\"AMPHIBEX\" \/>\n<meta property=\"article:modified_time\" content=\"2024-10-28T20:00:48+00:00\" \/>\n<meta property=\"og:image\" content=\"https:\/\/amphibex.com\/wp-content\/uploads\/2024\/04\/Amphibex_videos.webp\" \/>\n\t<meta property=\"og:image:width\" content=\"500\" \/>\n\t<meta property=\"og:image:height\" content=\"500\" \/>\n\t<meta property=\"og:image:type\" content=\"image\/png\" \/>\n<meta name=\"twitter:card\" content=\"summary_large_image\" \/>\n<meta name=\"twitter:label1\" content=\"Tiempo de lectura\" \/>\n\t<meta name=\"twitter:data1\" content=\"1 minuto\" \/>\n<script type=\"application\/ld+json\" class=\"yoast-schema-graph\">{\"@context\":\"https:\/\/schema.org\",\"@graph\":[{\"@type\":\"WebPage\",\"@id\":\"https:\/\/amphibex.com\/es\/videos\/\",\"url\":\"https:\/\/amphibex.com\/es\/videos\/\",\"name\":\"V\u00cdDEOS | AMPHIBEX | Dragas anfibias | 1 800-830-9080\",\"isPartOf\":{\"@id\":\"https:\/\/amphibex.com\/fr\/#website\"},\"primaryImageOfPage\":{\"@id\":\"https:\/\/amphibex.com\/es\/videos\/#primaryimage\"},\"image\":{\"@id\":\"https:\/\/amphibex.com\/es\/videos\/#primaryimage\"},\"thumbnailUrl\":\"https:\/\/amphibex.com\/wp-content\/uploads\/2024\/04\/Amphibex_videos.webp\",\"datePublished\":\"2021-03-05T18:47:39+00:00\",\"dateModified\":\"2024-10-28T20:00:48+00:00\",\"description\":\"AMPHIBEX | La gama de dragas anfibias m\u00e1s vers\u00e1til y completa del mundo | Conozca los modelos de Amphibex aqu\u00ed\u2026\",\"breadcrumb\":{\"@id\":\"https:\/\/amphibex.com\/es\/videos\/#breadcrumb\"},\"inLanguage\":\"es\",\"potentialAction\":[{\"@type\":\"ReadAction\",\"target\":[\"https:\/\/amphibex.com\/es\/videos\/\"]}]},{\"@type\":\"ImageObject\",\"inLanguage\":\"es\",\"@id\":\"https:\/\/amphibex.com\/es\/videos\/#primaryimage\",\"url\":\"https:\/\/amphibex.com\/wp-content\/uploads\/2024\/04\/Amphibex_videos.webp\",\"contentUrl\":\"https:\/\/amphibex.com\/wp-content\/uploads\/2024\/04\/Amphibex_videos.webp\",\"width\":500,\"height\":500,\"caption\":\"AMPHIBEX | The most versatile and complete range of amphibious dredgers in the world.\"},{\"@type\":\"BreadcrumbList\",\"@id\":\"https:\/\/amphibex.com\/es\/videos\/#breadcrumb\",\"itemListElement\":[{\"@type\":\"ListItem\",\"position\":1,\"name\":\"Home\",\"item\":\"https:\/\/amphibex.com\/es\/\"},{\"@type\":\"ListItem\",\"position\":2,\"name\":\"V\u00cdDEOS\"}]},{\"@type\":\"WebSite\",\"@id\":\"https:\/\/amphibex.com\/fr\/#website\",\"url\":\"https:\/\/amphibex.com\/fr\/\",\"name\":\"AMPHIBEX\",\"description\":\"By Normrock\",\"potentialAction\":[{\"@type\":\"SearchAction\",\"target\":{\"@type\":\"EntryPoint\",\"urlTemplate\":\"https:\/\/amphibex.com\/fr\/?s={search_term_string}\"},\"query-input\":\"required name=search_term_string\"}],\"inLanguage\":\"es\"}]}<\/script>\n<!-- \/ Yoast SEO plugin. -->","yoast_head_json":{"title":"V\u00cdDEOS | AMPHIBEX | Dragas anfibias | 1 800-830-9080","description":"AMPHIBEX | La gama de dragas anfibias m\u00e1s vers\u00e1til y completa del mundo | Conozca los modelos de Amphibex aqu\u00ed\u2026","robots":{"index":"index","follow":"follow","max-snippet":"max-snippet:-1","max-image-preview":"max-image-preview:large","max-video-preview":"max-video-preview:-1"},"canonical":"https:\/\/amphibex.com\/es\/videos\/","og_locale":"es_ES","og_type":"article","og_title":"V\u00cdDEOS | AMPHIBEX | Dragas anfibias | 1 800-830-9080","og_description":"AMPHIBEX | La gama de dragas anfibias m\u00e1s vers\u00e1til y completa del mundo | Conozca los modelos de Amphibex aqu\u00ed\u2026","og_url":"https:\/\/amphibex.com\/es\/videos\/","og_site_name":"AMPHIBEX","article_modified_time":"2024-10-28T20:00:48+00:00","og_image":[{"width":500,"height":500,"url":"https:\/\/amphibex.com\/wp-content\/uploads\/2024\/04\/Amphibex_videos.webp","type":"image\/png"}],"twitter_card":"summary_large_image","twitter_misc":{"Tiempo de lectura":"1 minuto"},"schema":{"@context":"https:\/\/schema.org","@graph":[{"@type":"WebPage","@id":"https:\/\/amphibex.com\/es\/videos\/","url":"https:\/\/amphibex.com\/es\/videos\/","name":"V\u00cdDEOS | AMPHIBEX | Dragas anfibias | 1 800-830-9080","isPartOf":{"@id":"https:\/\/amphibex.com\/fr\/#website"},"primaryImageOfPage":{"@id":"https:\/\/amphibex.com\/es\/videos\/#primaryimage"},"image":{"@id":"https:\/\/amphibex.com\/es\/videos\/#primaryimage"},"thumbnailUrl":"https:\/\/amphibex.com\/wp-content\/uploads\/2024\/04\/Amphibex_videos.webp","datePublished":"2021-03-05T18:47:39+00:00","dateModified":"2024-10-28T20:00:48+00:00","description":"AMPHIBEX | La gama de dragas anfibias m\u00e1s vers\u00e1til y completa del mundo | Conozca los modelos de Amphibex aqu\u00ed\u2026","breadcrumb":{"@id":"https:\/\/amphibex.com\/es\/videos\/#breadcrumb"},"inLanguage":"es","potentialAction":[{"@type":"ReadAction","target":["https:\/\/amphibex.com\/es\/videos\/"]}]},{"@type":"ImageObject","inLanguage":"es","@id":"https:\/\/amphibex.com\/es\/videos\/#primaryimage","url":"https:\/\/amphibex.com\/wp-content\/uploads\/2024\/04\/Amphibex_videos.webp","contentUrl":"https:\/\/amphibex.com\/wp-content\/uploads\/2024\/04\/Amphibex_videos.webp","width":500,"height":500,"caption":"AMPHIBEX | The most versatile and complete range of amphibious dredgers in the world."},{"@type":"BreadcrumbList","@id":"https:\/\/amphibex.com\/es\/videos\/#breadcrumb","itemListElement":[{"@type":"ListItem","position":1,"name":"Home","item":"https:\/\/amphibex.com\/es\/"},{"@type":"ListItem","position":2,"name":"V\u00cdDEOS"}]},{"@type":"WebSite","@id":"https:\/\/amphibex.com\/fr\/#website","url":"https:\/\/amphibex.com\/fr\/","name":"AMPHIBEX","description":"By Normrock","potentialAction":[{"@type":"SearchAction","target":{"@type":"EntryPoint","urlTemplate":"https:\/\/amphibex.com\/fr\/?s={search_term_string}"},"query-input":"required name=search_term_string"}],"inLanguage":"es"}]}},"_links":{"self":[{"href":"https:\/\/amphibex.com\/es\/wp-json\/wp\/v2\/pages\/1699"}],"collection":[{"href":"https:\/\/amphibex.com\/es\/wp-json\/wp\/v2\/pages"}],"about":[{"href":"https:\/\/amphibex.com\/es\/wp-json\/wp\/v2\/types\/page"}],"author":[{"embeddable":true,"href":"https:\/\/amphibex.com\/es\/wp-json\/wp\/v2\/users\/1"}],"replies":[{"embeddable":true,"href":"https:\/\/amphibex.com\/es\/wp-json\/wp\/v2\/comments?post=1699"}],"version-history":[{"count":2,"href":"https:\/\/amphibex.com\/es\/wp-json\/wp\/v2\/pages\/1699\/revisions"}],"predecessor-version":[{"id":2928,"href":"https:\/\/amphibex.com\/es\/wp-json\/wp\/v2\/pages\/1699\/revisions\/2928"}],"wp:featuredmedia":[{"embeddable":true,"href":"https:\/\/amphibex.com\/es\/wp-json\/wp\/v2\/media\/2641"}],"wp:attachment":[{"href":"https:\/\/amphibex.com\/es\/wp-json\/wp\/v2\/media?parent=1699"}],"curies":[{"name":"wp","href":"https:\/\/api.w.org\/{rel}","templated":true}]}}